{"id":4750,"date":"2024-05-11T10:37:44","date_gmt":"2024-05-11T10:37:44","guid":{"rendered":"https:\/\/worldclassbcn.com\/website_0fbcfe08\/?page_id=4750"},"modified":"2024-12-19T09:28:18","modified_gmt":"2024-12-19T09:28:18","slug":"levels-and-method","status":"publish","type":"page","link":"https:\/\/worldclassbcn.com\/es\/levels-and-method\/","title":{"rendered":"LEVELS AND METHOD"},"content":{"rendered":"<div id=\"fws_69ed090c17b65\"  data-column-margin=\"default\" data-midnight=\"dark\"  class=\"wpb_row vc_row-fluid vc_row full-width-section\"  style=\"padding-top: 40px; padding-bottom: 40px; \"><div class=\"row-bg-wrap\" data-bg-animation=\"none\" data-bg-animation-delay=\"\" data-bg-overlay=\"false\"><div class=\"inner-wrap row-bg-layer\" ><div class=\"row-bg viewport-desktop using-bg-color\"  style=\"background-color: #ffffff; \"><\/div><\/div><\/div><div class=\"row_col_wrap_12 col span_12 dark left\">\n\t<div  class=\"vc_col-sm-12 wpb_column column_container vc_column_container col centered-text no-extra-padding inherit_tablet inherit_phone\"  data-padding-pos=\"all\" data-has-bg-color=\"false\" data-bg-color=\"\" data-bg-opacity=\"1\" data-animation=\"\" data-delay=\"0\" >\n\t\t<div class=\"vc_column-inner\" >\n\t\t\t<div class=\"wpb_wrapper\">\n\t\t\t\t<div class=\"nectar-badge nectar-inherit-label nectar-display-block text-color-ffffff padding-amount-small badge-style-default\" style=\"margin-bottom: 20px; \"><div class=\"nectar-badge__inner nectar-bg-accent-color\">Niveles y metodolog\u00eda<\/div><\/div><div class=\"nectar-highlighted-text\" data-style=\"half_text\" data-exp=\"default\" data-using-custom-color=\"true\" data-animation-delay=\"false\" data-color=\"#ffde59\" data-color-gradient=\"\" style=\"\"><h2 style=\"text-align: center\"><strong>Clases <em>centrado en la comunicaci\u00f3n<\/em><\/strong><\/h2>\n<\/div>\n<div class=\"wpb_text_column wpb_content_element  vc_custom_1720450191615\" >\n\t<div class=\"wpb_wrapper\">\n\t\t<p>Ofrecemos clases en diferentes niveles, desde A1 hasta C1. En nuestros cursos generales, te damos una s\u00f3lida estructura gramatical, practicas la lectura, la comprensi\u00f3n oral y la expresi\u00f3n escrita. Sin embargo, el aspecto m\u00e1s importante para nosotros es que puedas utilizar en la vida diaria lo que has aprendido. Adem\u00e1s, nos encanta divertirnos en las clases. Por eso, hacemos juegos, juegos de rol y actividades interactivas, \u00a1todo para que tengas la mejor experiencia de aprendizaje!<\/p>\n\t<\/div>\n<\/div>\n\n\n\n\n\t\t\t<\/div> \n\t\t<\/div>\n\t<\/div> \n<\/div><\/div>\n\t\t<div id=\"fws_69ed090c194a9\"  data-column-margin=\"default\" data-midnight=\"dark\"  class=\"wpb_row vc_row-fluid vc_row full-width-section vc_row-o-equal-height vc_row-flex vc_row-o-content-top\"  style=\"padding-top: 0px; padding-bottom: 0px; \"><div class=\"row-bg-wrap\" data-bg-animation=\"none\" data-bg-animation-delay=\"\" data-bg-overlay=\"false\"><div class=\"inner-wrap row-bg-layer\" ><div class=\"row-bg viewport-desktop\"  style=\"\"><\/div><\/div><\/div><div class=\"row_col_wrap_12 col span_12 dark left\">\n\t<div  class=\"vc_col-sm-12 wpb_column column_container vc_column_container col has-animation padding-3-percent inherit_tablet inherit_phone\"  data-padding-pos=\"right\" data-has-bg-color=\"false\" data-bg-color=\"\" data-bg-opacity=\"1\" data-animation=\"fade-in-from-bottom\" data-delay=\"0\" >\n\t\t<div class=\"vc_column-inner\" >\n\t\t\t<div class=\"wpb_wrapper\">\n\t\t\t\t<div id=\"fws_69ed090c1a1b6\" data-midnight=\"\" data-column-margin=\"default\" class=\"wpb_row vc_row-fluid vc_row inner_row\"  style=\"padding-bottom: 30px; \"><div class=\"row-bg-wrap\"> <div class=\"row-bg\" ><\/div> <\/div><div class=\"row_col_wrap_12_inner col span_12  left\">\n\t<div  class=\"vc_col-sm-6 wpb_column column_container vc_column_container col child_column no-extra-padding inherit_tablet inherit_phone\"   data-padding-pos=\"all\" data-has-bg-color=\"false\" data-bg-color=\"\" data-bg-opacity=\"1\" data-animation=\"\" data-delay=\"0\" >\n\t\t<div class=\"vc_column-inner\" >\n\t\t<div class=\"wpb_wrapper\">\n\t\t\t\n<div class=\"wpb_text_column wpb_content_element\" >\n\t<div class=\"wpb_wrapper\">\n\t\t<h2>Nuestro m\u00e9todo de ense\u00f1anza:<\/h2>\n\t<\/div>\n<\/div>\n\n\n\n\n\t\t<\/div> \n\t<\/div>\n\t<\/div> \n\n\t<div  class=\"vc_col-sm-6 wpb_column column_container vc_column_container col child_column no-extra-padding inherit_tablet inherit_phone\"   data-padding-pos=\"all\" data-has-bg-color=\"false\" data-bg-color=\"\" data-bg-opacity=\"1\" data-animation=\"\" data-delay=\"0\" >\n\t\t<div class=\"vc_column-inner\" >\n\t\t<div class=\"wpb_wrapper\">\n\t\t\t\n\t\t<\/div> \n\t<\/div>\n\t<\/div> \n<\/div><\/div><div id=\"fws_69ed090c1b5fc\" data-midnight=\"\" data-column-margin=\"default\" class=\"wpb_row vc_row-fluid vc_row inner_row\"  style=\"padding-bottom: 40px; \"><div class=\"row-bg-wrap\"> <div class=\"row-bg\" ><\/div> <\/div><div class=\"row_col_wrap_12_inner col span_12  center\">\n\t<div  class=\"vc_col-sm-3 wpb_column column_container vc_column_container col child_column has-animation no-extra-padding inherit_tablet inherit_phone\"   data-padding-pos=\"all\" data-has-bg-color=\"false\" data-bg-color=\"\" data-bg-opacity=\"1\" data-animation=\"fade-in-from-bottom\" data-delay=\"0\" >\n\t\t<div class=\"vc_column-inner\" >\n\t\t<div class=\"wpb_wrapper\">\n\t\t\t<div class=\"nectar_icon_wrap\" data-style=\"soft-bg\" data-padding=\"15px\" data-color=\"accent-color\" style=\"margin-top: 20px; \" >\n\t\t<div class=\"nectar_icon\" ><i style=\"font-size: 36px; line-height: 54px; height: 54px; width: 54px;\" class=\"fa fa-tasks\"><\/i><\/div>\n\t<\/div>\n<div class=\"wpb_text_column wpb_content_element  vc_custom_1720084264251\" >\n\t<div class=\"wpb_wrapper\">\n\t\t<h4>M\u00e9todo inmersivo<\/h4>\n\t<\/div>\n<\/div>\n\n\n\n\n<div class=\"wpb_text_column wpb_content_element\" >\n\t<div class=\"wpb_wrapper\">\n\t\t<p>Nuestros profesores hablar\u00e1n espa\u00f1ol desde el primer momento. \u00bfTe preocupa no entenderlos? No te preocupes. Son profesionales \ud83d\ude42<\/p>\n\t<\/div>\n<\/div>\n\n\n\n\n\t\t<\/div> \n\t<\/div>\n\t<\/div> \n\n\t<div  class=\"vc_col-sm-3 wpb_column column_container vc_column_container col child_column has-animation no-extra-padding inherit_tablet inherit_phone\"   data-padding-pos=\"all\" data-has-bg-color=\"false\" data-bg-color=\"\" data-bg-opacity=\"1\" data-animation=\"fade-in-from-bottom\" data-delay=\"150\" >\n\t\t<div class=\"vc_column-inner\" >\n\t\t<div class=\"wpb_wrapper\">\n\t\t\t<div class=\"nectar_icon_wrap\" data-style=\"soft-bg\" data-padding=\"15px\" data-color=\"accent-color\" style=\"margin-top: 20px; \" >\n\t\t<div class=\"nectar_icon\" ><i style=\"font-size: 36px; line-height: 54px; height: 54px; width: 54px;\" class=\"fa fa-comments-o\"><\/i><\/div>\n\t<\/div>\n<div class=\"wpb_text_column wpb_content_element  vc_custom_1720084277690\" >\n\t<div class=\"wpb_wrapper\">\n\t\t<h4>Enfoque comunicativo<\/h4>\n\t<\/div>\n<\/div>\n\n\n\n\n<div class=\"wpb_text_column wpb_content_element\" >\n\t<div class=\"wpb_wrapper\">\n\t\t<p>Para nosotros es importante que hables espa\u00f1ol desde el primer momento. Te hacemos hablar a trav\u00e9s de diferentes actividades y juegos.<\/p>\n\t<\/div>\n<\/div>\n\n\n\n\n\t\t<\/div> \n\t<\/div>\n\t<\/div> \n\n\t<div  class=\"vc_col-sm-3 wpb_column column_container vc_column_container col child_column has-animation no-extra-padding inherit_tablet inherit_phone\"   data-padding-pos=\"all\" data-has-bg-color=\"false\" data-bg-color=\"\" data-bg-opacity=\"1\" data-animation=\"fade-in-from-bottom\" data-delay=\"300\" >\n\t\t<div class=\"vc_column-inner\" >\n\t\t<div class=\"wpb_wrapper\">\n\t\t\t<div class=\"nectar_icon_wrap\" data-style=\"soft-bg\" data-padding=\"15px\" data-color=\"accent-color\" style=\"margin-top: 20px; \" >\n\t\t<div class=\"nectar_icon\" ><i style=\"font-size: 36px; line-height: 54px; height: 54px; width: 54px;\" class=\"fa fa-smile-o\"><\/i><\/div>\n\t<\/div>\n<div class=\"wpb_text_column wpb_content_element  vc_custom_1720084288245\" >\n\t<div class=\"wpb_wrapper\">\n\t\t<h4>Interacci\u00f3n<\/h4>\n\t<\/div>\n<\/div>\n\n\n\n\n<div class=\"wpb_text_column wpb_content_element\" >\n\t<div class=\"wpb_wrapper\">\n\t\t<p>Para nosotros es importante que te diviertas en las clases. Por ello, nuestros niveles y m\u00e9todos incluyen diversas actividades interactivas.<\/p>\n\t<\/div>\n<\/div>\n\n\n\n\n\t\t<\/div> \n\t<\/div>\n\t<\/div> \n\n\t<div  class=\"vc_col-sm-3 wpb_column column_container vc_column_container col child_column has-animation no-extra-padding inherit_tablet inherit_phone\"   data-padding-pos=\"all\" data-has-bg-color=\"false\" data-bg-color=\"\" data-bg-opacity=\"1\" data-animation=\"fade-in-from-bottom\" data-delay=\"450\" >\n\t\t<div class=\"vc_column-inner\" >\n\t\t<div class=\"wpb_wrapper\">\n\t\t\t<div class=\"nectar_icon_wrap\" data-style=\"soft-bg\" data-padding=\"15px\" data-color=\"accent-color\" style=\"margin-top: 20px; \" >\n\t\t<div class=\"nectar_icon\" ><i style=\"font-size: 36px; line-height: 54px; height: 54px; width: 54px;\" class=\"fa fa-rocket\"><\/i><\/div>\n\t<\/div>\n<div class=\"wpb_text_column wpb_content_element  vc_custom_1720084297277\" >\n\t<div class=\"wpb_wrapper\">\n\t\t<h4>Progreso<\/h4>\n\t<\/div>\n<\/div>\n\n\n\n\n<div class=\"wpb_text_column wpb_content_element\" >\n\t<div class=\"wpb_wrapper\">\n\t\t<p>Nuestros profesores siguen de cerca tus progresos y estar\u00e1n ah\u00ed si los necesitas. Hacemos controles peri\u00f3dicos de tus progresos y realizamos ex\u00e1menes para que pases al siguiente nivel.<\/p>\n\t<\/div>\n<\/div>\n\n\n\n\n\t\t<\/div> \n\t<\/div>\n\t<\/div> \n<\/div><\/div><div id=\"fws_69ed090c1e85b\" data-midnight=\"\" data-column-margin=\"default\" class=\"wpb_row vc_row-fluid vc_row inner_row\"  style=\"\"><div class=\"row-bg-wrap\"> <div class=\"row-bg\" ><\/div> <\/div><div class=\"row_col_wrap_12_inner col span_12  left\">\n\t<div  class=\"vc_col-sm-12 wpb_column column_container vc_column_container col child_column no-extra-padding inherit_tablet inherit_phone\"   data-padding-pos=\"all\" data-has-bg-color=\"false\" data-bg-color=\"\" data-bg-opacity=\"1\" data-animation=\"\" data-delay=\"0\" >\n\t\t<div class=\"vc_column-inner\" >\n\t\t<div class=\"wpb_wrapper\">\n\t\t\t<div class=\"nectar-cta  border_color_72d9ff border_thickness_4px border_radius_49px alignment_tablet_default alignment_phone_default display_tablet_inherit display_phone_inherit\" data-color=\"accent-color\" data-using-bg=\"true\" data-style=\"see-through\" data-display=\"block\" data-alignment=\"center\" data-text-color=\"custom\" ><h4 style=\"color: #ffffff;\"> <span class=\"text\"> <\/span><span class=\"link_wrap\" ><a  class=\"link_text\" role=\"button\" href=\"https:\/\/worldclassbcn.com\/es\/prueba-de-nivel-de-espanol\/\">Comprueba tu nivel<span class=\"arrow\"><\/span><\/a><\/span><\/h4><\/div>\n\t\t<\/div> \n\t<\/div>\n\t<\/div> \n<\/div><\/div>\n\t\t\t<\/div> \n\t\t<\/div>\n\t<\/div> \n<\/div><\/div>\n\t\t<div id=\"fws_69ed090c1f6be\"  data-column-margin=\"default\" data-midnight=\"dark\"  class=\"wpb_row vc_row-fluid vc_row\"  style=\"padding-top: 0px; padding-bottom: 0px; \"><div class=\"row-bg-wrap\" data-bg-animation=\"none\" data-bg-animation-delay=\"\" data-bg-overlay=\"false\"><div class=\"inner-wrap row-bg-layer\" ><div class=\"row-bg viewport-desktop\"  style=\"\"><\/div><\/div><\/div><div class=\"row_col_wrap_12 col span_12 dark left\">\n\t<div style=\"margin-top: 5%; \" class=\"vc_col-sm-12 wpb_column column_container vc_column_container col no-extra-padding inherit_tablet inherit_phone\"  data-padding-pos=\"all\" data-has-bg-color=\"false\" data-bg-color=\"\" data-bg-opacity=\"1\" data-animation=\"\" data-delay=\"0\" >\n\t\t<div class=\"vc_column-inner\" >\n\t\t\t<div class=\"wpb_wrapper\">\n\t\t\t\t<div class=\"nectar-highlighted-text\" data-style=\"half_text\" data-exp=\"default\" data-using-custom-color=\"true\" data-animation-delay=\"false\" data-color=\"#fefd4c\" data-color-gradient=\"\" style=\"\"><h2 style=\"text-align: center\"><strong>Niveles y metodolog\u00eda: niveles de los cursos de espa\u00f1ol<\/strong><\/h2>\n<\/div>\n<div class=\"wpb_text_column wpb_content_element  vc_custom_1720450361675\" >\n\t<div class=\"wpb_wrapper\">\n\t\t<p>Niveles y m\u00e9todo. Nuestros cursos de espa\u00f1ol est\u00e1n clasificados seg\u00fan el MCER (Marco Com\u00fan Europeo de Referencia para las Lenguas) - niveles A1\/A2 (B\u00e1sico), B1\/B2 (Etapa intermedia), y C1\/C2 (Avanzado). Seg\u00fan el MCER, cada nivel de espa\u00f1ol proporciona las siguientes habilidades:<\/p>\n\t<\/div>\n<\/div>\n\n\n\n\n\t\t\t<\/div> \n\t\t<\/div>\n\t<\/div> \n<\/div><\/div>\n\t\t<div id=\"fws_69ed090c2058e\"  data-column-margin=\"default\" data-midnight=\"dark\"  class=\"wpb_row vc_row-fluid vc_row full-width-section  right_padding_50px left_padding_50px\"  style=\"padding-top: 0px; padding-bottom: 0px; \"><div class=\"row-bg-wrap\" data-bg-animation=\"none\" data-bg-animation-delay=\"\" data-bg-overlay=\"false\"><div class=\"inner-wrap row-bg-layer\" ><div class=\"row-bg viewport-desktop\"  style=\"\"><\/div><\/div><\/div><div class=\"row_col_wrap_12 col span_12 dark left\">\n\t<div style=\"margin-bottom: 5%; \" class=\"vc_col-sm-12 wpb_column column_container vc_column_container col no-extra-padding el_spacing_40px inherit_tablet inherit_phone\"  data-padding-pos=\"all\" data-has-bg-color=\"false\" data-bg-color=\"\" data-bg-opacity=\"1\" data-animation=\"\" data-delay=\"0\" >\n\t\t<div class=\"vc_column-inner\" >\n\t\t\t<div class=\"wpb_wrapper\">\n\t\t\t\t<div class=\"iwithtext\"><div class=\"iwt-icon\"> <i class=\"icon-default-style fa fa-bar-chart-o accent-color\"><\/i> <\/div><div class=\"iwt-text\"> \n<h3><strong>A1 \u2013 Usuario b\u00e1sico<\/strong><\/h3>\n<p>Para acceder al curso A1 no es necesario hablar espa\u00f1ol. En este nivel aprender\u00e1s a comprender y utilizar expresiones cotidianas y frases muy b\u00e1sicas destinadas a satisfacer necesidades concretas. Ser\u00e1s capaz de presentarte a ti mismo y a los dem\u00e1s y de hacer y responder preguntas sobre detalles personales como d\u00f3nde vive alguien, las personas que conoce y las cosas que tiene. Adem\u00e1s, podr\u00e1s relacionarte de forma sencilla siempre que la otra persona hable despacio y con claridad y est\u00e9 dispuesta a ayudar. <\/div><div class=\"clear\"><\/div><\/div><div class=\"iwithtext\"><div class=\"iwt-icon\"> <i class=\"icon-default-style fa fa-bar-chart-o accent-color\"><\/i> <\/div><div class=\"iwt-text\"> \n<h3><strong>A2 \u2013 Usuario b\u00e1sico<\/strong><\/h3>\n<p style=\"text-align: justify;\">Cuando completes el A2 comprender\u00e1s frases y expresiones de uso frecuente relacionadas con \u00e1reas de relevancia m\u00e1s inmediata (por ejemplo, informaci\u00f3n personal y familiar muy b\u00e1sica, compras, geograf\u00eda local, empleo). Podr\u00e1s hablar de tus experiencias, ya que gran parte del A2 consiste en aprender los tres tiempos del pasado.<\/p>\n <\/div><div class=\"clear\"><\/div><\/div><div class=\"iwithtext\"><div class=\"iwt-icon\"> <i class=\"icon-default-style fa fa-bar-chart-o accent-color\"><\/i> <\/div><div class=\"iwt-text\"> \n<h3><strong>B1 \u2013 Usuario independiente<\/strong><\/h3>\n<p style=\"text-align: justify;\">Comprender\u00e1s los puntos principales de un discurso claro y est\u00e1ndar sobre temas habituales en el trabajo, la escuela, el ocio, etc. Podr\u00e1s desenvolverte en la mayor\u00eda de las situaciones que pueden surgir durante un viaje por una zona donde se hable esta lengua. Adem\u00e1s, podr\u00e1s producir textos sencillos y coherentes sobre temas familiares o de inter\u00e9s personal. Podr\u00e1s describir experiencias y acontecimientos, sue\u00f1os, esperanzas y ambiciones y justificar brevemente tus opiniones y planes.<\/p>\n <\/div><div class=\"clear\"><\/div><\/div><div class=\"iwithtext\"><div class=\"iwt-icon\"> <i class=\"icon-default-style fa fa-bar-chart-o accent-color\"><\/i> <\/div><div class=\"iwt-text\"> \n<h3><strong>B2 \u2013 Usuario independiente<\/strong><\/h3>\n<p style=\"text-align: justify;\">Comprender\u00e1s las ideas principales de textos complejos sobre temas tanto concretos como abstractos, incluidas discusiones t\u00e9cnicas en tu campo de especializaci\u00f3n. Podr\u00e1s relacionarte con hablantes nativos con un grado de fluidez y espontaneidad tal que no supondr\u00e1 ning\u00fan esfuerzo para ninguna de las partes. Adem\u00e1s, podr\u00e1s producir textos claros y detallados sobre una amplia gama de temas y explicar un punto de vista sobre un tema de actualidad, exponiendo las ventajas y los inconvenientes de las distintas opciones.<\/p>\n <\/div><div class=\"clear\"><\/div><\/div><div class=\"iwithtext\"><div class=\"iwt-icon\"> <i class=\"icon-default-style fa fa-bar-chart-o accent-color\"><\/i> <\/div><div class=\"iwt-text\"> \n<h3><strong>C1 \u2013 Usuario competente<\/strong><\/h3>\n<p style=\"text-align: justify;\">Comprender\u00e1s una amplia gama de textos largos y exigentes y reconocer\u00e1s el sentido impl\u00edcito. Podr\u00e1s expresarte con fluidez y espontaneidad sin necesidad de buscar expresiones muy evidentes. Adem\u00e1s, podr\u00e1s utilizar el lenguaje con flexibilidad y eficacia para fines sociales, acad\u00e9micos y profesionales. Podr\u00e1s producir textos claros, bien estructurados y detallados sobre temas complejos, mostrando un uso controlado de los mecanismos de organizaci\u00f3n, articulaci\u00f3n y cohesi\u00f3n del texto.<\/p>\n <\/div><div class=\"clear\"><\/div><\/div><div class=\"iwithtext\"><div class=\"iwt-icon\"> <i class=\"icon-default-style fa fa-bar-chart-o accent-color\"><\/i> <\/div><div class=\"iwt-text\"> \n<h3><strong>C2 \u2013 Usuario competente<\/strong><\/h3>\n<p style=\"text-align: justify;\">Comprender\u00e1s con facilidad pr\u00e1cticamente todo lo que oigas o leas. Podr\u00e1 resumir informaci\u00f3n de distintas fuentes orales y escritas, reconstruyendo argumentos y relatos en una presentaci\u00f3n coherente. Adem\u00e1s, podr\u00e1s expresarte espont\u00e1neamente, con gran fluidez y precisi\u00f3n, diferenciando matices de significado incluso en situaciones complejas.<\/p>\n <\/div><div class=\"clear\"><\/div><\/div>\n\t\t\t<\/div> \n\t\t<\/div>\n\t<\/div> \n<\/div><\/div>","protected":false},"excerpt":{"rendered":"Niveles y m\u00e9todoClases centradas en la comunicaci\u00f3n Ofrecemos clases en diferentes niveles, desde A1 hasta C1. En nuestros cursos generales, te damos una estructura gramatical s\u00f3lida, y practicas...","protected":false},"author":1,"featured_media":0,"parent":0,"menu_order":0,"comment_status":"closed","ping_status":"closed","template":"","meta":{"nf_dc_page":"","_monsterinsights_skip_tracking":false,"_monsterinsights_sitenote_active":false,"_monsterinsights_sitenote_note":"","_monsterinsights_sitenote_category":0,"footnotes":""},"class_list":["post-4750","page","type-page","status-publish"],"yoast_head":"<!-- This site is optimized with the Yoast SEO Premium plugin v24.1 (Yoast SEO v27.4) - https:\/\/yoast.com\/product\/yoast-seo-premium-wordpress\/ -->\n<title>Levels and Method of Spanish Courses in Barcelona<\/title>\n<meta name=\"description\" content=\"Discover the levels and method of our Spanish School in Barcelona. From A1 to C1, we focus on communication and immersive learning.\" \/>\n<meta name=\"robots\" content=\"index, follow, max-snippet:-1, max-image-preview:large, max-video-preview:-1\" \/>\n<link rel=\"canonical\" href=\"https:\/\/worldclassbcn.com\/es\/levels-and-method\/\" \/>\n<meta property=\"og:locale\" content=\"es_ES\" \/>\n<meta property=\"og:type\" content=\"article\" \/>\n<meta property=\"og:title\" content=\"LEVELS AND METHOD\" \/>\n<meta property=\"og:description\" content=\"Discover the levels and method of our Spanish School in Barcelona. From A1 to C1, we focus on communication and immersive learning.\" \/>\n<meta property=\"og:url\" content=\"https:\/\/worldclassbcn.com\/es\/levels-and-method\/\" \/>\n<meta property=\"og:site_name\" content=\"World Class Bcn\" \/>\n<meta property=\"article:publisher\" content=\"https:\/\/www.facebook.com\/worldclassbcn\" \/>\n<meta property=\"article:modified_time\" content=\"2024-12-19T09:28:18+00:00\" \/>\n<meta name=\"twitter:card\" content=\"summary_large_image\" \/>\n<meta name=\"twitter:label1\" content=\"Tiempo de lectura\" \/>\n\t<meta name=\"twitter:data1\" content=\"6 minutos\" \/>\n<script type=\"application\/ld+json\" class=\"yoast-schema-graph\">{\"@context\":\"https:\\\/\\\/schema.org\",\"@graph\":[{\"@type\":\"WebPage\",\"@id\":\"https:\\\/\\\/worldclassbcn.com\\\/levels-and-method\\\/\",\"url\":\"https:\\\/\\\/worldclassbcn.com\\\/levels-and-method\\\/\",\"name\":\"Levels and Method of Spanish Courses in Barcelona\",\"isPartOf\":{\"@id\":\"https:\\\/\\\/worldclassbcn.com\\\/en\\\/#website\"},\"datePublished\":\"2024-05-11T10:37:44+00:00\",\"dateModified\":\"2024-12-19T09:28:18+00:00\",\"description\":\"Discover the levels and method of our Spanish School in Barcelona. From A1 to C1, we focus on communication and immersive learning.\",\"breadcrumb\":{\"@id\":\"https:\\\/\\\/worldclassbcn.com\\\/levels-and-method\\\/#breadcrumb\"},\"inLanguage\":\"es\",\"potentialAction\":[{\"@type\":\"ReadAction\",\"target\":[\"https:\\\/\\\/worldclassbcn.com\\\/levels-and-method\\\/\"]}]},{\"@type\":\"BreadcrumbList\",\"@id\":\"https:\\\/\\\/worldclassbcn.com\\\/levels-and-method\\\/#breadcrumb\",\"itemListElement\":[{\"@type\":\"ListItem\",\"position\":1,\"name\":\"Home\",\"item\":\"https:\\\/\\\/worldclassbcn.com\\\/\"},{\"@type\":\"ListItem\",\"position\":2,\"name\":\"LEVELS AND METHOD\"}]},{\"@type\":\"WebSite\",\"@id\":\"https:\\\/\\\/worldclassbcn.com\\\/en\\\/#website\",\"url\":\"https:\\\/\\\/worldclassbcn.com\\\/en\\\/\",\"name\":\"World class nueva\",\"description\":\"Spanish school in Barcelona. Free trial class.\",\"publisher\":{\"@id\":\"https:\\\/\\\/worldclassbcn.com\\\/en\\\/#organization\"},\"potentialAction\":[{\"@type\":\"SearchAction\",\"target\":{\"@type\":\"EntryPoint\",\"urlTemplate\":\"https:\\\/\\\/worldclassbcn.com\\\/en\\\/?s={search_term_string}\"},\"query-input\":{\"@type\":\"PropertyValueSpecification\",\"valueRequired\":true,\"valueName\":\"search_term_string\"}}],\"inLanguage\":\"es\"},{\"@type\":\"Organization\",\"@id\":\"https:\\\/\\\/worldclassbcn.com\\\/en\\\/#organization\",\"name\":\"World class nueva\",\"url\":\"https:\\\/\\\/worldclassbcn.com\\\/en\\\/\",\"logo\":{\"@type\":\"ImageObject\",\"inLanguage\":\"es\",\"@id\":\"https:\\\/\\\/worldclassbcn.com\\\/en\\\/#\\\/schema\\\/logo\\\/image\\\/\",\"url\":\"https:\\\/\\\/i0.wp.com\\\/worldclassbcn.com\\\/wp-content\\\/uploads\\\/2024\\\/04\\\/cropped-logo-png-1.png?fit=512%2C512&ssl=1\",\"contentUrl\":\"https:\\\/\\\/i0.wp.com\\\/worldclassbcn.com\\\/wp-content\\\/uploads\\\/2024\\\/04\\\/cropped-logo-png-1.png?fit=512%2C512&ssl=1\",\"width\":512,\"height\":512,\"caption\":\"World class nueva\"},\"image\":{\"@id\":\"https:\\\/\\\/worldclassbcn.com\\\/en\\\/#\\\/schema\\\/logo\\\/image\\\/\"},\"sameAs\":[\"https:\\\/\\\/www.facebook.com\\\/worldclassbcn\",\"https:\\\/\\\/www.instagram.com\\\/worldclassbcn\\\/\",\"https:\\\/\\\/www.tiktok.com\\\/@worldclass_barcelona\"]}]}<\/script>\n<!-- \/ Yoast SEO Premium plugin. -->","yoast_head_json":{"title":"Niveles y M\u00e9todo de los Cursos de Espa\u00f1ol en Barcelona","description":"Descubre los niveles y el m\u00e9todo de nuestra escuela de espa\u00f1ol en Barcelona. De A1 a C1, nos centramos en la comunicaci\u00f3n y el aprendizaje inmersivo.","robots":{"index":"index","follow":"follow","max-snippet":"max-snippet:-1","max-image-preview":"max-image-preview:large","max-video-preview":"max-video-preview:-1"},"canonical":"https:\/\/worldclassbcn.com\/es\/levels-and-method\/","og_locale":"es_ES","og_type":"article","og_title":"LEVELS AND METHOD","og_description":"Discover the levels and method of our Spanish School in Barcelona. From A1 to C1, we focus on communication and immersive learning.","og_url":"https:\/\/worldclassbcn.com\/es\/levels-and-method\/","og_site_name":"World Class Bcn","article_publisher":"https:\/\/www.facebook.com\/worldclassbcn","article_modified_time":"2024-12-19T09:28:18+00:00","twitter_card":"summary_large_image","twitter_misc":{"Tiempo de lectura":"6 minutos"},"schema":{"@context":"https:\/\/schema.org","@graph":[{"@type":"WebPage","@id":"https:\/\/worldclassbcn.com\/levels-and-method\/","url":"https:\/\/worldclassbcn.com\/levels-and-method\/","name":"Niveles y M\u00e9todo de los Cursos de Espa\u00f1ol en Barcelona","isPartOf":{"@id":"https:\/\/worldclassbcn.com\/en\/#website"},"datePublished":"2024-05-11T10:37:44+00:00","dateModified":"2024-12-19T09:28:18+00:00","description":"Descubre los niveles y el m\u00e9todo de nuestra escuela de espa\u00f1ol en Barcelona. De A1 a C1, nos centramos en la comunicaci\u00f3n y el aprendizaje inmersivo.","breadcrumb":{"@id":"https:\/\/worldclassbcn.com\/levels-and-method\/#breadcrumb"},"inLanguage":"es","potentialAction":[{"@type":"ReadAction","target":["https:\/\/worldclassbcn.com\/levels-and-method\/"]}]},{"@type":"BreadcrumbList","@id":"https:\/\/worldclassbcn.com\/levels-and-method\/#breadcrumb","itemListElement":[{"@type":"ListItem","position":1,"name":"Home","item":"https:\/\/worldclassbcn.com\/"},{"@type":"ListItem","position":2,"name":"LEVELS AND METHOD"}]},{"@type":"WebSite","@id":"https:\/\/worldclassbcn.com\/en\/#website","url":"https:\/\/worldclassbcn.com\/en\/","name":"Nueva clase mundial","description":"Spanish school in Barcelona. Free trial class.","publisher":{"@id":"https:\/\/worldclassbcn.com\/en\/#organization"},"potentialAction":[{"@type":"SearchAction","target":{"@type":"EntryPoint","urlTemplate":"https:\/\/worldclassbcn.com\/en\/?s={search_term_string}"},"query-input":{"@type":"PropertyValueSpecification","valueRequired":true,"valueName":"search_term_string"}}],"inLanguage":"es"},{"@type":"Organization","@id":"https:\/\/worldclassbcn.com\/en\/#organization","name":"Nueva clase mundial","url":"https:\/\/worldclassbcn.com\/en\/","logo":{"@type":"ImageObject","inLanguage":"es","@id":"https:\/\/worldclassbcn.com\/en\/#\/schema\/logo\/image\/","url":"https:\/\/i0.wp.com\/worldclassbcn.com\/wp-content\/uploads\/2024\/04\/cropped-logo-png-1.png?fit=512%2C512&ssl=1","contentUrl":"https:\/\/i0.wp.com\/worldclassbcn.com\/wp-content\/uploads\/2024\/04\/cropped-logo-png-1.png?fit=512%2C512&ssl=1","width":512,"height":512,"caption":"World class nueva"},"image":{"@id":"https:\/\/worldclassbcn.com\/en\/#\/schema\/logo\/image\/"},"sameAs":["https:\/\/www.facebook.com\/worldclassbcn","https:\/\/www.instagram.com\/worldclassbcn\/","https:\/\/www.tiktok.com\/@worldclass_barcelona"]}]}},"jetpack_sharing_enabled":true,"_links":{"self":[{"href":"https:\/\/worldclassbcn.com\/es\/wp-json\/wp\/v2\/pages\/4750","targetHints":{"allow":["GET"]}}],"collection":[{"href":"https:\/\/worldclassbcn.com\/es\/wp-json\/wp\/v2\/pages"}],"about":[{"href":"https:\/\/worldclassbcn.com\/es\/wp-json\/wp\/v2\/types\/page"}],"author":[{"embeddable":true,"href":"https:\/\/worldclassbcn.com\/es\/wp-json\/wp\/v2\/users\/1"}],"replies":[{"embeddable":true,"href":"https:\/\/worldclassbcn.com\/es\/wp-json\/wp\/v2\/comments?post=4750"}],"version-history":[{"count":7,"href":"https:\/\/worldclassbcn.com\/es\/wp-json\/wp\/v2\/pages\/4750\/revisions"}],"predecessor-version":[{"id":7651,"href":"https:\/\/worldclassbcn.com\/es\/wp-json\/wp\/v2\/pages\/4750\/revisions\/7651"}],"wp:attachment":[{"href":"https:\/\/worldclassbcn.com\/es\/wp-json\/wp\/v2\/media?parent=4750"}],"curies":[{"name":"wp","href":"https:\/\/api.w.org\/{rel}","templated":true}]}}